{"id":292,"date":"2018-05-08T15:12:23","date_gmt":"2018-05-08T13:12:23","guid":{"rendered":"https:\/\/www.wienerfuhrwerk.at\/taxi\/?page_id=292"},"modified":"2021-02-03T21:14:02","modified_gmt":"2021-02-03T20:14:02","slug":"agb","status":"publish","type":"page","link":"https:\/\/www.wienerfuhrwerk.at\/en\/agb\/","title":{"rendered":"terms and conditions"},"content":{"rendered":"","protected":false},"excerpt":{"rendered":"","protected":false},"author":1,"featured_media":0,"parent":0,"menu_order":0,"comment_status":"closed","ping_status":"closed","template":"","meta":{"footnotes":""},"class_list":["post-292","page","type-page","status-publish","hentry"],"yoast_head":"<!-- This site is optimized with the Yoast SEO plugin v27.1.1 - https:\/\/yoast.com\/product\/yoast-seo-wordpress\/ -->\n<title>Allgemeine Gesch\u00e4ftsbedingungen | WienerFuhrwerk.at<\/title>\n<meta name=\"description\" content=\"Hier k\u00f6nnen Sie unsere Allgemeine Gesch\u00e4ftsbedingungen nachlesen. Sollten Sie fragen haben, z\u00f6gern Sie nicht uns zu kontaktieren.\" \/>\n<meta name=\"robots\" content=\"index, follow, max-snippet:-1, max-image-preview:large, max-video-preview:-1\" \/>\n<link rel=\"canonical\" href=\"https:\/\/www.wienerfuhrwerk.at\/en\/agb\/\" \/>\n<meta property=\"og:locale\" content=\"en_GB\" \/>\n<meta property=\"og:type\" content=\"article\" \/>\n<meta property=\"og:title\" content=\"Allgemeine Gesch\u00e4ftsbedingungen | WienerFuhrwerk.at\" \/>\n<meta property=\"og:description\" content=\"Hier k\u00f6nnen Sie unsere Allgemeine Gesch\u00e4ftsbedingungen nachlesen. Sollten Sie fragen haben, z\u00f6gern Sie nicht uns zu kontaktieren.\" \/>\n<meta property=\"og:url\" content=\"https:\/\/www.wienerfuhrwerk.at\/en\/agb\/\" \/>\n<meta property=\"og:site_name\" content=\"WienerFuhrwerk\" \/>\n<meta property=\"article:publisher\" content=\"https:\/\/www.facebook.com\/wienerfuhrwerk\" \/>\n<meta property=\"article:modified_time\" content=\"2021-02-03T20:14:02+00:00\" \/>\n<meta name=\"twitter:card\" content=\"summary_large_image\" \/>\n<script type=\"application\/ld+json\" class=\"yoast-schema-graph\">{\"@context\":\"https:\/\/schema.org\",\"@graph\":[{\"@type\":\"WebPage\",\"@id\":\"https:\/\/www.wienerfuhrwerk.at\/en\/agb\/\",\"url\":\"https:\/\/www.wienerfuhrwerk.at\/en\/agb\/\",\"name\":\"Allgemeine Gesch\u00e4ftsbedingungen | WienerFuhrwerk.at\",\"isPartOf\":{\"@id\":\"https:\/\/www.wienerfuhrwerk.at\/en\/#website\"},\"datePublished\":\"2018-05-08T13:12:23+00:00\",\"dateModified\":\"2021-02-03T20:14:02+00:00\",\"description\":\"Hier k\u00f6nnen Sie unsere Allgemeine Gesch\u00e4ftsbedingungen nachlesen. Sollten Sie fragen haben, z\u00f6gern Sie nicht uns zu kontaktieren.\",\"breadcrumb\":{\"@id\":\"https:\/\/www.wienerfuhrwerk.at\/en\/agb\/#breadcrumb\"},\"inLanguage\":\"en-GB\",\"potentialAction\":[{\"@type\":\"ReadAction\",\"target\":[\"https:\/\/www.wienerfuhrwerk.at\/en\/agb\/\"]}]},{\"@type\":\"BreadcrumbList\",\"@id\":\"https:\/\/www.wienerfuhrwerk.at\/en\/agb\/#breadcrumb\",\"itemListElement\":[{\"@type\":\"ListItem\",\"position\":1,\"name\":\"Startseite\",\"item\":\"https:\/\/www.wienerfuhrwerk.at\/\"},{\"@type\":\"ListItem\",\"position\":2,\"name\":\"AGB\"}]},{\"@type\":\"WebSite\",\"@id\":\"https:\/\/www.wienerfuhrwerk.at\/en\/#website\",\"url\":\"https:\/\/www.wienerfuhrwerk.at\/en\/\",\"name\":\"WienerFuhrwerk\",\"description\":\"\",\"publisher\":{\"@id\":\"https:\/\/www.wienerfuhrwerk.at\/en\/#organization\"},\"potentialAction\":[{\"@type\":\"SearchAction\",\"target\":{\"@type\":\"EntryPoint\",\"urlTemplate\":\"https:\/\/www.wienerfuhrwerk.at\/en\/?s={search_term_string}\"},\"query-input\":{\"@type\":\"PropertyValueSpecification\",\"valueRequired\":true,\"valueName\":\"search_term_string\"}}],\"inLanguage\":\"en-GB\"},{\"@type\":\"Organization\",\"@id\":\"https:\/\/www.wienerfuhrwerk.at\/en\/#organization\",\"name\":\"Wiener Fuhrwerk\",\"url\":\"https:\/\/www.wienerfuhrwerk.at\/en\/\",\"logo\":{\"@type\":\"ImageObject\",\"inLanguage\":\"en-GB\",\"@id\":\"https:\/\/www.wienerfuhrwerk.at\/en\/#\/schema\/logo\/image\/\",\"url\":\"https:\/\/www.wienerfuhrwerk.at\/wp-content\/uploads\/2018\/02\/WienerFuhrwerk-Taxi-1.png\",\"contentUrl\":\"https:\/\/www.wienerfuhrwerk.at\/wp-content\/uploads\/2018\/02\/WienerFuhrwerk-Taxi-1.png\",\"width\":397,\"height\":67,\"caption\":\"Wiener Fuhrwerk\"},\"image\":{\"@id\":\"https:\/\/www.wienerfuhrwerk.at\/en\/#\/schema\/logo\/image\/\"},\"sameAs\":[\"https:\/\/www.facebook.com\/wienerfuhrwerk\"]}]}<\/script>\n<!-- \/ Yoast SEO plugin. -->","yoast_head_json":{"title":"Allgemeine Gesch\u00e4ftsbedingungen | WienerFuhrwerk.at","description":"Hier k\u00f6nnen Sie unsere Allgemeine Gesch\u00e4ftsbedingungen nachlesen. Sollten Sie fragen haben, z\u00f6gern Sie nicht uns zu kontaktieren.","robots":{"index":"index","follow":"follow","max-snippet":"max-snippet:-1","max-image-preview":"max-image-preview:large","max-video-preview":"max-video-preview:-1"},"canonical":"https:\/\/www.wienerfuhrwerk.at\/en\/agb\/","og_locale":"en_GB","og_type":"article","og_title":"Allgemeine Gesch\u00e4ftsbedingungen | WienerFuhrwerk.at","og_description":"Hier k\u00f6nnen Sie unsere Allgemeine Gesch\u00e4ftsbedingungen nachlesen. Sollten Sie fragen haben, z\u00f6gern Sie nicht uns zu kontaktieren.","og_url":"https:\/\/www.wienerfuhrwerk.at\/en\/agb\/","og_site_name":"WienerFuhrwerk","article_publisher":"https:\/\/www.facebook.com\/wienerfuhrwerk","article_modified_time":"2021-02-03T20:14:02+00:00","twitter_card":"summary_large_image","schema":{"@context":"https:\/\/schema.org","@graph":[{"@type":"WebPage","@id":"https:\/\/www.wienerfuhrwerk.at\/en\/agb\/","url":"https:\/\/www.wienerfuhrwerk.at\/en\/agb\/","name":"Allgemeine Gesch\u00e4ftsbedingungen | WienerFuhrwerk.at","isPartOf":{"@id":"https:\/\/www.wienerfuhrwerk.at\/en\/#website"},"datePublished":"2018-05-08T13:12:23+00:00","dateModified":"2021-02-03T20:14:02+00:00","description":"Hier k\u00f6nnen Sie unsere Allgemeine Gesch\u00e4ftsbedingungen nachlesen. Sollten Sie fragen haben, z\u00f6gern Sie nicht uns zu kontaktieren.","breadcrumb":{"@id":"https:\/\/www.wienerfuhrwerk.at\/en\/agb\/#breadcrumb"},"inLanguage":"en-GB","potentialAction":[{"@type":"ReadAction","target":["https:\/\/www.wienerfuhrwerk.at\/en\/agb\/"]}]},{"@type":"BreadcrumbList","@id":"https:\/\/www.wienerfuhrwerk.at\/en\/agb\/#breadcrumb","itemListElement":[{"@type":"ListItem","position":1,"name":"Startseite","item":"https:\/\/www.wienerfuhrwerk.at\/"},{"@type":"ListItem","position":2,"name":"AGB"}]},{"@type":"WebSite","@id":"https:\/\/www.wienerfuhrwerk.at\/en\/#website","url":"https:\/\/www.wienerfuhrwerk.at\/en\/","name":"WienerFuhrwerk","description":"","publisher":{"@id":"https:\/\/www.wienerfuhrwerk.at\/en\/#organization"},"potentialAction":[{"@type":"SearchAction","target":{"@type":"EntryPoint","urlTemplate":"https:\/\/www.wienerfuhrwerk.at\/en\/?s={search_term_string}"},"query-input":{"@type":"PropertyValueSpecification","valueRequired":true,"valueName":"search_term_string"}}],"inLanguage":"en-GB"},{"@type":"Organization","@id":"https:\/\/www.wienerfuhrwerk.at\/en\/#organization","name":"Wiener Fuhrwerk","url":"https:\/\/www.wienerfuhrwerk.at\/en\/","logo":{"@type":"ImageObject","inLanguage":"en-GB","@id":"https:\/\/www.wienerfuhrwerk.at\/en\/#\/schema\/logo\/image\/","url":"https:\/\/www.wienerfuhrwerk.at\/wp-content\/uploads\/2018\/02\/WienerFuhrwerk-Taxi-1.png","contentUrl":"https:\/\/www.wienerfuhrwerk.at\/wp-content\/uploads\/2018\/02\/WienerFuhrwerk-Taxi-1.png","width":397,"height":67,"caption":"Wiener Fuhrwerk"},"image":{"@id":"https:\/\/www.wienerfuhrwerk.at\/en\/#\/schema\/logo\/image\/"},"sameAs":["https:\/\/www.facebook.com\/wienerfuhrwerk"]}]}},"_links":{"self":[{"href":"https:\/\/www.wienerfuhrwerk.at\/en\/wp-json\/wp\/v2\/pages\/292","targetHints":{"allow":["GET"]}}],"collection":[{"href":"https:\/\/www.wienerfuhrwerk.at\/en\/wp-json\/wp\/v2\/pages"}],"about":[{"href":"https:\/\/www.wienerfuhrwerk.at\/en\/wp-json\/wp\/v2\/types\/page"}],"author":[{"embeddable":true,"href":"https:\/\/www.wienerfuhrwerk.at\/en\/wp-json\/wp\/v2\/users\/1"}],"replies":[{"embeddable":true,"href":"https:\/\/www.wienerfuhrwerk.at\/en\/wp-json\/wp\/v2\/comments?post=292"}],"version-history":[{"count":1,"href":"https:\/\/www.wienerfuhrwerk.at\/en\/wp-json\/wp\/v2\/pages\/292\/revisions"}],"predecessor-version":[{"id":1057,"href":"https:\/\/www.wienerfuhrwerk.at\/en\/wp-json\/wp\/v2\/pages\/292\/revisions\/1057"}],"wp:attachment":[{"href":"https:\/\/www.wienerfuhrwerk.at\/en\/wp-json\/wp\/v2\/media?parent=292"}],"curies":[{"name":"wp","href":"https:\/\/api.w.org\/{rel}","templated":true}]}}